{"id":31,"date":"2021-03-06T17:15:54","date_gmt":"2021-03-06T16:15:54","guid":{"rendered":"http:\/\/test.vega78astronomie.fr\/?page_id=31"},"modified":"2025-10-25T09:09:43","modified_gmt":"2025-10-25T07:09:43","slug":"a-propos-de","status":"publish","type":"page","link":"https:\/\/vega78astronomie.fr\/index.php\/a-propos-de\/","title":{"rendered":"\u00c0 propos de VEGA"},"content":{"rendered":"\n<p class=\"has-medium-font-size\"><strong><mark style=\"background-color:rgba(0, 0, 0, 0)\" class=\"has-inline-color has-vivid-cyan-blue-color\">40 ans de passion et de partage&nbsp;de l\u2019astronomie<\/mark><\/strong><\/p>\n\n\n\n<p>En 1982, \u00e0&nbsp;l\u2019initiative&nbsp;de J.C.Thorel, invit\u00e9 scientifique \u00e0&nbsp;l\u2019Observatoire&nbsp;de Nice, une poign\u00e9e&nbsp;d\u2019astronomes&nbsp;amateurs se r\u00e9unissaient autour de leur passion commune en cr\u00e9ant&nbsp;l\u2019association&nbsp;VEGA.<\/p>\n\n\n\n<p>Bas\u00e9e depuis 1997 au Ch\u00e2teau de Plaisir et riche&nbsp;d\u2019une soixantaine de membres,&nbsp;l\u2019association&nbsp;VEGA propose&nbsp;aujourd\u2019hui&nbsp;de nombreuses activit\u00e9s : soir\u00e9es&nbsp;d\u2019observations,&nbsp;ateliers pratiques et th\u00e9oriques, r\u00e9unions mensuelles, organisation de conf\u00e9rences publiques sur des grands th\u00e8mes&nbsp;d\u2019actualit\u00e9&nbsp;pr\u00e9sent\u00e9s par des scientifiques de renom, manifestations publiques autour&nbsp;d\u2019\u00e9v\u00e9nements&nbsp;particuliers (Nuit des Etoiles, ph\u00e9nom\u00e8nes astronomiques remarquables, etc.).<\/p>\n\n\n\n<p>Si la passion est toujours aussi pr\u00e9sente, elle&nbsp;s\u2019accompagne&nbsp;\u00e9galement&nbsp;d\u2019une&nbsp;solide volont\u00e9 de diffusion et de partage avec le plus grand nombre des connaissances acquises dans le domaine des sciences de&nbsp;l\u2019univers.<\/p>\n\n\n\n<figure class=\"wp-block-image size-large\"><img loading=\"lazy\" decoding=\"async\" width=\"1024\" height=\"682\" src=\"http:\/\/vega78astronomie.fr\/wp-content\/uploads\/2022\/11\/3aaaef09-5680-4031-b41e-a0607a160554-1024x682.jpeg\" alt=\"\" class=\"wp-image-1797\" srcset=\"https:\/\/vega78astronomie.fr\/wp-content\/uploads\/2022\/11\/3aaaef09-5680-4031-b41e-a0607a160554-1024x682.jpeg 1024w, https:\/\/vega78astronomie.fr\/wp-content\/uploads\/2022\/11\/3aaaef09-5680-4031-b41e-a0607a160554-300x200.jpeg 300w, https:\/\/vega78astronomie.fr\/wp-content\/uploads\/2022\/11\/3aaaef09-5680-4031-b41e-a0607a160554-768x512.jpeg 768w, https:\/\/vega78astronomie.fr\/wp-content\/uploads\/2022\/11\/3aaaef09-5680-4031-b41e-a0607a160554-200x133.jpeg 200w, https:\/\/vega78astronomie.fr\/wp-content\/uploads\/2022\/11\/3aaaef09-5680-4031-b41e-a0607a160554.jpeg 1280w\" sizes=\"auto, (max-width: 1024px) 100vw, 1024px\" \/><figcaption class=\"wp-element-caption\">Voyage \u00e0 l&rsquo;Observatoire de la C\u00f4te d&rsquo;Azur en mars 2022 pour les 40 ans de VEGA<\/figcaption><\/figure>\n\n\n\n<p class=\"has-medium-font-size\"><strong><mark style=\"background-color:rgba(0, 0, 0, 0)\" class=\"has-inline-color has-vivid-cyan-blue-color\">Des soir\u00e9es, un vendredi soir par mois<\/mark><\/strong> <strong><mark style=\"background-color:rgba(0, 0, 0, 0)\" class=\"has-inline-color has-vivid-cyan-blue-color\">de 20h30 \u00e0 23h00<\/mark><\/strong><\/p>\n\n\n\n<p>Au cours de ces soir\u00e9es r\u00e9serv\u00e9es aux adh\u00e9rents de VEGA, diff\u00e9rents th\u00e8mes sont r\u00e9guli\u00e8rement abord\u00e9s :<\/p>\n\n\n\n<ul class=\"wp-block-list\">\n<li>Actualit\u00e9&nbsp;astronomique ou&nbsp;spatiale (\u2018\u2019Astronews\u2019\u2019)<\/li>\n\n\n\n<li>Expos\u00e9s \u00e0 caract\u00e8re&nbsp;scientifique<\/li>\n\n\n\n<li>Pr\u00e9sentation des travaux des adh\u00e9rents (photos,&nbsp;observations, &#8230;)<\/li>\n\n\n\n<li>Pr\u00e9parations de visites<\/li>\n\n\n\n<li>Compte-rendus de conf\u00e9rences, de manifestations ext\u00e9rieures, de rencontres avec des personnalit\u00e9s du monde scientifique<\/li>\n<\/ul>\n\n\n\n<div class=\"wp-block-columns is-layout-flex wp-container-core-columns-is-layout-9d6595d7 wp-block-columns-is-layout-flex\">\n<div class=\"wp-block-column is-layout-flow wp-block-column-is-layout-flow\">\n<figure class=\"wp-block-image size-large\"><img loading=\"lazy\" decoding=\"async\" width=\"1024\" height=\"768\" src=\"http:\/\/vega78astronomie.fr\/wp-content\/uploads\/2022\/11\/IMG_9399-1024x768.jpg\" alt=\"\" class=\"wp-image-1798\" srcset=\"https:\/\/vega78astronomie.fr\/wp-content\/uploads\/2022\/11\/IMG_9399-1024x768.jpg 1024w, https:\/\/vega78astronomie.fr\/wp-content\/uploads\/2022\/11\/IMG_9399-300x225.jpg 300w, https:\/\/vega78astronomie.fr\/wp-content\/uploads\/2022\/11\/IMG_9399-768x576.jpg 768w, https:\/\/vega78astronomie.fr\/wp-content\/uploads\/2022\/11\/IMG_9399-1536x1152.jpg 1536w, https:\/\/vega78astronomie.fr\/wp-content\/uploads\/2022\/11\/IMG_9399-2048x1536.jpg 2048w, https:\/\/vega78astronomie.fr\/wp-content\/uploads\/2022\/11\/IMG_9399-200x150.jpg 200w\" sizes=\"auto, (max-width: 1024px) 100vw, 1024px\" \/><\/figure>\n<\/div>\n\n\n\n<div class=\"wp-block-column is-layout-flow wp-block-column-is-layout-flow\">\n<figure class=\"wp-block-image size-large\"><img loading=\"lazy\" decoding=\"async\" width=\"1024\" height=\"768\" src=\"http:\/\/vega78astronomie.fr\/wp-content\/uploads\/2022\/11\/VEGA-16-sept-2022-15-1024x768.jpg\" alt=\"\" class=\"wp-image-1799\" srcset=\"https:\/\/vega78astronomie.fr\/wp-content\/uploads\/2022\/11\/VEGA-16-sept-2022-15-1024x768.jpg 1024w, https:\/\/vega78astronomie.fr\/wp-content\/uploads\/2022\/11\/VEGA-16-sept-2022-15-300x225.jpg 300w, https:\/\/vega78astronomie.fr\/wp-content\/uploads\/2022\/11\/VEGA-16-sept-2022-15-768x576.jpg 768w, https:\/\/vega78astronomie.fr\/wp-content\/uploads\/2022\/11\/VEGA-16-sept-2022-15-1536x1152.jpg 1536w, https:\/\/vega78astronomie.fr\/wp-content\/uploads\/2022\/11\/VEGA-16-sept-2022-15-2048x1536.jpg 2048w, https:\/\/vega78astronomie.fr\/wp-content\/uploads\/2022\/11\/VEGA-16-sept-2022-15-200x150.jpg 200w\" sizes=\"auto, (max-width: 1024px) 100vw, 1024px\" \/><\/figure>\n<\/div>\n<\/div>\n\n\n\n<p class=\"has-medium-font-size\"><strong><mark style=\"background-color:rgba(0, 0, 0, 0)\" class=\"has-inline-color has-vivid-cyan-blue-color\">Des ateliers mat\u00e9riel, un samedi matin par mois, de 10h \u00e0 12h30<\/mark><\/strong><\/p>\n\n\n\n<p>Instruments : techniques et r\u00e9glages<\/p>\n\n\n\n<p>Astrophotographie : th\u00e9ories, logiciels, traitements&nbsp;<\/p>\n\n\n\n<p>Techniques d\u2019observation solaire, plan\u00e9taire, ciel profond,&#8230;<\/p>\n\n\n\n<p class=\"has-medium-font-size\"><strong><mark style=\"background-color:rgba(0, 0, 0, 0)\" class=\"has-inline-color has-vivid-cyan-blue-color\">Des conf\u00e9rences<\/mark><\/strong><\/p>\n\n\n\n<p>Chaque ann\u00e9e, VEGA organise et anime 4 \u00e0 5 conf\u00e9rences publiques dans la salle du Th\u00e9\u00e2tre Robert Manuel.<\/p>\n\n\n\n<p>Pr\u00e9sent\u00e9es par des personnalit\u00e9s et des experts du monde scientifique, ces conf\u00e9rences abordent les grands th\u00e8mes et les grandes questions de&nbsp;l\u2019actualit\u00e9&nbsp;astronomique.<\/p>\n\n\n\n<p>L\u2019association VEGA permet \u00e9galement d\u2019assister \u00e0 des&nbsp;conf\u00e9rences organis\u00e9es lors de grands \u00e9v\u00e9nements,&nbsp;comme l\u2019ont \u00e9t\u00e9 les atterrissages en direct des&nbsp;sondes sur Mars, sur Titan ou encore sur la Com\u00e8te&nbsp;67P \u2018\u2019Chury\u2019\u2019 (programme Rosetta).<\/p>\n\n\n\n<p>Les conf\u00e9rences publiques de la Soci\u00e9t\u00e9 Astronomique de France sont \u00e9galement accessibles par son interm\u00e9diaire.<\/p>\n\n\n\n<div class=\"wp-block-columns is-layout-flex wp-container-core-columns-is-layout-9d6595d7 wp-block-columns-is-layout-flex\">\n<div class=\"wp-block-column is-layout-flow wp-block-column-is-layout-flow\">\n<figure class=\"wp-block-image size-large\"><img loading=\"lazy\" decoding=\"async\" width=\"1024\" height=\"768\" src=\"http:\/\/vega78astronomie.fr\/wp-content\/uploads\/2022\/11\/Pariat-Vega-4juin2022-10-1024x768.jpg\" alt=\"\" class=\"wp-image-1794\" srcset=\"https:\/\/vega78astronomie.fr\/wp-content\/uploads\/2022\/11\/Pariat-Vega-4juin2022-10-1024x768.jpg 1024w, https:\/\/vega78astronomie.fr\/wp-content\/uploads\/2022\/11\/Pariat-Vega-4juin2022-10-300x225.jpg 300w, https:\/\/vega78astronomie.fr\/wp-content\/uploads\/2022\/11\/Pariat-Vega-4juin2022-10-768x576.jpg 768w, https:\/\/vega78astronomie.fr\/wp-content\/uploads\/2022\/11\/Pariat-Vega-4juin2022-10-1536x1152.jpg 1536w, https:\/\/vega78astronomie.fr\/wp-content\/uploads\/2022\/11\/Pariat-Vega-4juin2022-10-2048x1536.jpg 2048w, https:\/\/vega78astronomie.fr\/wp-content\/uploads\/2022\/11\/Pariat-Vega-4juin2022-10-200x150.jpg 200w\" sizes=\"auto, (max-width: 1024px) 100vw, 1024px\" \/><\/figure>\n<\/div>\n\n\n\n<div class=\"wp-block-column is-layout-flow wp-block-column-is-layout-flow\">\n<figure class=\"wp-block-image size-large\"><img loading=\"lazy\" decoding=\"async\" width=\"1024\" height=\"768\" src=\"http:\/\/vega78astronomie.fr\/wp-content\/uploads\/2022\/11\/20221008_220322-1024x768.jpg\" alt=\"\" class=\"wp-image-1796\" srcset=\"https:\/\/vega78astronomie.fr\/wp-content\/uploads\/2022\/11\/20221008_220322-1024x768.jpg 1024w, https:\/\/vega78astronomie.fr\/wp-content\/uploads\/2022\/11\/20221008_220322-300x225.jpg 300w, https:\/\/vega78astronomie.fr\/wp-content\/uploads\/2022\/11\/20221008_220322-768x576.jpg 768w, https:\/\/vega78astronomie.fr\/wp-content\/uploads\/2022\/11\/20221008_220322-1536x1152.jpg 1536w, https:\/\/vega78astronomie.fr\/wp-content\/uploads\/2022\/11\/20221008_220322-2048x1536.jpg 2048w, https:\/\/vega78astronomie.fr\/wp-content\/uploads\/2022\/11\/20221008_220322-200x150.jpg 200w\" sizes=\"auto, (max-width: 1024px) 100vw, 1024px\" \/><\/figure>\n<\/div>\n<\/div>\n\n\n\n<p class=\"has-medium-font-size\"><mark style=\"background-color:rgba(0, 0, 0, 0)\" class=\"has-inline-color has-vivid-cyan-blue-color\"><strong>Des voyages, des visites<\/strong><\/mark><\/p>\n\n\n\n<p>Les visites d\u2019observatoires (Gen\u00e8ve, Nan\u00e7ay, C\u00f4te d&rsquo;Azur, Paris, &#8230;)\u00a0, de hauts lieux scientifiques (LHC du CERN) , ou de mus\u00e9es font partie des possibilit\u00e9s couvertes par les activit\u00e9s de VEGA<\/p>\n\n\n\n<p class=\"has-medium-font-size\"><strong><mark style=\"background-color:rgba(0, 0, 0, 0)\" class=\"has-inline-color has-vivid-cyan-blue-color\">Des soir\u00e9es d&rsquo;observation<\/mark><\/strong><\/p>\n\n\n\n<p>Lorsque la m\u00e9t\u00e9o est favorable, observations collectives lors des r\u00e9unions mensuelles au Ch\u00e2teau&nbsp;\u2026<\/p>\n\n\n\n<p>&#8230; ou bien dans des zones plus \u00e9loign\u00e9es de nos villes, en fonction de la m\u00e9t\u00e9o (pr\u00e9avis court !) ou encore \u00e0\u00a0l\u2019occasion de toute actualit\u00e9\u00a0astronomique particuli\u00e8re<\/p>\n\n\n\n<p class=\"has-medium-font-size\"><strong><mark style=\"background-color:rgba(0, 0, 0, 0)\" class=\"has-inline-color has-vivid-cyan-blue-color\">Des projets p\u00e9dagogiques<\/mark><\/strong><\/p>\n\n\n\n<p>Interventions dans les \u00e9tablissements scolaires de Plaisir et de la R\u00e9gion :<strong>&nbsp;<\/strong>participation \u00e0 l\u2019\u00e9veil&nbsp;scientifique des g\u00e9n\u00e9rations futures, \u00e0&nbsp;travers l\u2019attrait pr\u00e9sent\u00e9 tant par l\u2019astronomie que&nbsp;par la conqu\u00eate spatiale<\/p>\n\n\n\n<p class=\"has-medium-font-size\"><strong><mark style=\"background-color:rgba(0, 0, 0, 0)\" class=\"has-inline-color has-vivid-cyan-blue-color\">Animation de s\u00e9ances d&rsquo;observation publiques<\/mark><\/strong><\/p>\n\n\n\n<p>&#8211; Organisation de la&nbsp;<strong>Nuit des Etoiles&nbsp;<\/strong>tous les \u00e9t\u00e9s (fin juillet ou d\u00e9but ao\u00fbt) avec conf\u00e9rences et observations dans les t\u00e9lescopes de VEGA (Parc du Ch\u00e2teau)<\/p>\n\n\n\n<div class=\"wp-block-columns is-layout-flex wp-container-core-columns-is-layout-9d6595d7 wp-block-columns-is-layout-flex\">\n<div class=\"wp-block-column is-layout-flow wp-block-column-is-layout-flow\">\n<figure class=\"wp-block-image size-large\"><img loading=\"lazy\" decoding=\"async\" width=\"1024\" height=\"768\" src=\"http:\/\/vega78astronomie.fr\/wp-content\/uploads\/2022\/08\/IMG_8612-floute-1024x768.jpg\" alt=\"\" class=\"wp-image-1642\" srcset=\"https:\/\/vega78astronomie.fr\/wp-content\/uploads\/2022\/08\/IMG_8612-floute-1024x768.jpg 1024w, https:\/\/vega78astronomie.fr\/wp-content\/uploads\/2022\/08\/IMG_8612-floute-300x225.jpg 300w, https:\/\/vega78astronomie.fr\/wp-content\/uploads\/2022\/08\/IMG_8612-floute-768x576.jpg 768w, https:\/\/vega78astronomie.fr\/wp-content\/uploads\/2022\/08\/IMG_8612-floute-200x150.jpg 200w, https:\/\/vega78astronomie.fr\/wp-content\/uploads\/2022\/08\/IMG_8612-floute.jpg 1280w\" sizes=\"auto, (max-width: 1024px) 100vw, 1024px\" \/><\/figure>\n<\/div>\n\n\n\n<div class=\"wp-block-column is-layout-flow wp-block-column-is-layout-flow\">\n<figure class=\"wp-block-image size-large\"><img loading=\"lazy\" decoding=\"async\" width=\"768\" height=\"1024\" src=\"http:\/\/vega78astronomie.fr\/wp-content\/uploads\/2022\/08\/IMG_8664-floute-768x1024.jpg\" alt=\"\" class=\"wp-image-1645\" srcset=\"https:\/\/vega78astronomie.fr\/wp-content\/uploads\/2022\/08\/IMG_8664-floute-768x1024.jpg 768w, https:\/\/vega78astronomie.fr\/wp-content\/uploads\/2022\/08\/IMG_8664-floute-225x300.jpg 225w, https:\/\/vega78astronomie.fr\/wp-content\/uploads\/2022\/08\/IMG_8664-floute-150x200.jpg 150w, https:\/\/vega78astronomie.fr\/wp-content\/uploads\/2022\/08\/IMG_8664-floute.jpg 960w\" sizes=\"auto, (max-width: 768px) 100vw, 768px\" \/><\/figure>\n<\/div>\n<\/div>\n\n\n\n<p>&#8211; Interventions ponctuelles lors de ph\u00e9nom\u00e8nes astronomiques exceptionnels (\u00e9clipses de lune ou de soleil, transits de plan\u00e8tes, passages de&nbsp;com\u00e8tes , &#8230;)<br><br><\/p>\n\n\n\n<h1 class=\"wp-block-heading has-black-color has-pale-cyan-blue-background-color has-text-color has-background has-medium-font-size\"><strong>Le Bureau<\/strong><\/h1>\n\n\n\n<p><\/p>\n\n\n\n<ul class=\"wp-block-list\">\n<li>Le pr\u00e9sident :  Philippe Karnauch<\/li>\n\n\n\n<li>Le secr\u00e9taire : Antoine Fr\u00e9mont<\/li>\n\n\n\n<li>Le tr\u00e9sorier : Pascal Berteau<\/li>\n\n\n\n<li>Instruments et observations : Jean-Philippe Dos Santos<\/li>\n\n\n\n<li>Animation scientifique : Olivier Laurent<\/li>\n<\/ul>\n\n\n\n<p>Pour nous contacter :<br><a href=\"mailto:contact.vega78@gmail.com\">contact.vega78@gmail.com<\/a><\/p>\n\n\n\n<p><\/p>\n\n\n\n<div class=\"wp-block-columns is-layout-flex wp-container-core-columns-is-layout-9d6595d7 wp-block-columns-is-layout-flex\">\n<div class=\"wp-block-column is-layout-flow wp-block-column-is-layout-flow\">\n<figure class=\"wp-block-image size-large\"><img loading=\"lazy\" decoding=\"async\" width=\"1024\" height=\"539\" src=\"http:\/\/vega78astronomie.fr\/wp-content\/uploads\/2023\/10\/20231015_115700-atxt-1024x539.jpg\" alt=\"\" class=\"wp-image-2060\" srcset=\"https:\/\/vega78astronomie.fr\/wp-content\/uploads\/2023\/10\/20231015_115700-atxt-1024x539.jpg 1024w, https:\/\/vega78astronomie.fr\/wp-content\/uploads\/2023\/10\/20231015_115700-atxt-300x158.jpg 300w, https:\/\/vega78astronomie.fr\/wp-content\/uploads\/2023\/10\/20231015_115700-atxt-768x404.jpg 768w, https:\/\/vega78astronomie.fr\/wp-content\/uploads\/2023\/10\/20231015_115700-atxt-1536x808.jpg 1536w, https:\/\/vega78astronomie.fr\/wp-content\/uploads\/2023\/10\/20231015_115700-atxt-2048x1077.jpg 2048w, https:\/\/vega78astronomie.fr\/wp-content\/uploads\/2023\/10\/20231015_115700-atxt-200x105.jpg 200w\" sizes=\"auto, (max-width: 1024px) 100vw, 1024px\" \/><\/figure>\n<\/div>\n<\/div>\n","protected":false},"excerpt":{"rendered":"<p>40 ans de passion et de partage&nbsp;de l\u2019astronomie En 1982, \u00e0&nbsp;l\u2019initiative&nbsp;de J.C.Thorel, invit\u00e9 scientifique \u00e0&nbsp;l\u2019Observatoire&nbsp;de Nice, une poign\u00e9e&nbsp;d\u2019astronomes&nbsp;amateurs se r\u00e9unissaient autour de leur passion commune en cr\u00e9ant&nbsp;l\u2019association&nbsp;VEGA. Bas\u00e9e depuis 1997 au Ch\u00e2teau de Plaisir et riche&nbsp;d\u2019une soixantaine de membres,&nbsp;l\u2019association&nbsp;VEGA propose&nbsp;aujourd\u2019hui&nbsp;de nombreuses activit\u00e9s : soir\u00e9es&nbsp;d\u2019observations,&nbsp;ateliers pratiques et th\u00e9oriques, r\u00e9unions mensuelles, organisation de conf\u00e9rences publiques sur des [&hellip;]<\/p>\n","protected":false},"author":1,"featured_media":0,"parent":0,"menu_order":0,"comment_status":"closed","ping_status":"closed","template":"","meta":{"footnotes":""},"class_list":["post-31","page","type-page","status-publish","hentry"],"_links":{"self":[{"href":"https:\/\/vega78astronomie.fr\/index.php\/wp-json\/wp\/v2\/pages\/31","targetHints":{"allow":["GET"]}}],"collection":[{"href":"https:\/\/vega78astronomie.fr\/index.php\/wp-json\/wp\/v2\/pages"}],"about":[{"href":"https:\/\/vega78astronomie.fr\/index.php\/wp-json\/wp\/v2\/types\/page"}],"author":[{"embeddable":true,"href":"https:\/\/vega78astronomie.fr\/index.php\/wp-json\/wp\/v2\/users\/1"}],"replies":[{"embeddable":true,"href":"https:\/\/vega78astronomie.fr\/index.php\/wp-json\/wp\/v2\/comments?post=31"}],"version-history":[{"count":21,"href":"https:\/\/vega78astronomie.fr\/index.php\/wp-json\/wp\/v2\/pages\/31\/revisions"}],"predecessor-version":[{"id":2506,"href":"https:\/\/vega78astronomie.fr\/index.php\/wp-json\/wp\/v2\/pages\/31\/revisions\/2506"}],"wp:attachment":[{"href":"https:\/\/vega78astronomie.fr\/index.php\/wp-json\/wp\/v2\/media?parent=31"}],"curies":[{"name":"wp","href":"https:\/\/api.w.org\/{rel}","templated":true}]}}