{"id":1801,"date":"2022-11-15T17:36:52","date_gmt":"2022-11-15T16:36:52","guid":{"rendered":"http:\/\/vega78astronomie.fr\/?page_id=1801"},"modified":"2025-10-25T09:10:27","modified_gmt":"2025-10-25T07:10:27","slug":"bureau","status":"publish","type":"page","link":"https:\/\/vega78astronomie.fr\/index.php\/a-propos-de\/bureau\/","title":{"rendered":"Contact"},"content":{"rendered":"\n<p>Pr\u00e9sident : Philippe KARNAUCH<br><br>Secr\u00e9taire : Antoine FREMONT<br><br>Tr\u00e9sorier : Pascal BERTEAU<br><br>Instruments et observations : Jean-Philippe DOS SANTOS<br><br>Animation scientifique : Olivier LAURENT<\/p>\n\n\n\n<p><br>Pour nous contacter : <br><a href=\"mailto:contact.vega78@gmail.com\">contact.vega78@gmail.com<\/a><\/p>\n\n\n\n<p><\/p>\n\n\n\n<div class=\"wp-block-columns is-layout-flex wp-container-core-columns-is-layout-9d6595d7 wp-block-columns-is-layout-flex\">\n<div class=\"wp-block-column is-layout-flow wp-block-column-is-layout-flow\">\n<figure class=\"wp-block-image size-large\"><img loading=\"lazy\" decoding=\"async\" width=\"1024\" height=\"539\" src=\"http:\/\/vega78astronomie.fr\/wp-content\/uploads\/2023\/10\/20231015_115700-atxt-1024x539.jpg\" alt=\"\" class=\"wp-image-2060\" srcset=\"https:\/\/vega78astronomie.fr\/wp-content\/uploads\/2023\/10\/20231015_115700-atxt-1024x539.jpg 1024w, https:\/\/vega78astronomie.fr\/wp-content\/uploads\/2023\/10\/20231015_115700-atxt-300x158.jpg 300w, https:\/\/vega78astronomie.fr\/wp-content\/uploads\/2023\/10\/20231015_115700-atxt-768x404.jpg 768w, https:\/\/vega78astronomie.fr\/wp-content\/uploads\/2023\/10\/20231015_115700-atxt-1536x808.jpg 1536w, https:\/\/vega78astronomie.fr\/wp-content\/uploads\/2023\/10\/20231015_115700-atxt-2048x1077.jpg 2048w, https:\/\/vega78astronomie.fr\/wp-content\/uploads\/2023\/10\/20231015_115700-atxt-200x105.jpg 200w\" sizes=\"auto, (max-width: 1024px) 100vw, 1024px\" \/><\/figure>\n<\/div>\n<\/div>\n","protected":false},"excerpt":{"rendered":"<p>Pr\u00e9sident : Philippe KARNAUCH Secr\u00e9taire : Antoine FREMONT Tr\u00e9sorier : Pascal BERTEAU Instruments et observations : Jean-Philippe DOS SANTOS Animation scientifique : Olivier LAURENT Pour nous contacter : contact.vega78@gmail.com<\/p>\n","protected":false},"author":3,"featured_media":0,"parent":31,"menu_order":1,"comment_status":"closed","ping_status":"closed","template":"","meta":{"footnotes":""},"class_list":["post-1801","page","type-page","status-publish","hentry"],"_links":{"self":[{"href":"https:\/\/vega78astronomie.fr\/index.php\/wp-json\/wp\/v2\/pages\/1801","targetHints":{"allow":["GET"]}}],"collection":[{"href":"https:\/\/vega78astronomie.fr\/index.php\/wp-json\/wp\/v2\/pages"}],"about":[{"href":"https:\/\/vega78astronomie.fr\/index.php\/wp-json\/wp\/v2\/types\/page"}],"author":[{"embeddable":true,"href":"https:\/\/vega78astronomie.fr\/index.php\/wp-json\/wp\/v2\/users\/3"}],"replies":[{"embeddable":true,"href":"https:\/\/vega78astronomie.fr\/index.php\/wp-json\/wp\/v2\/comments?post=1801"}],"version-history":[{"count":9,"href":"https:\/\/vega78astronomie.fr\/index.php\/wp-json\/wp\/v2\/pages\/1801\/revisions"}],"predecessor-version":[{"id":2507,"href":"https:\/\/vega78astronomie.fr\/index.php\/wp-json\/wp\/v2\/pages\/1801\/revisions\/2507"}],"up":[{"embeddable":true,"href":"https:\/\/vega78astronomie.fr\/index.php\/wp-json\/wp\/v2\/pages\/31"}],"wp:attachment":[{"href":"https:\/\/vega78astronomie.fr\/index.php\/wp-json\/wp\/v2\/media?parent=1801"}],"curies":[{"name":"wp","href":"https:\/\/api.w.org\/{rel}","templated":true}]}}